{"id":94,"date":"2024-05-05T01:23:28","date_gmt":"2024-05-05T07:23:28","guid":{"rendered":"https:\/\/porelartelibre.org\/?page_id=94"},"modified":"2024-05-05T14:52:11","modified_gmt":"2024-05-05T20:52:11","slug":"no-es-arte","status":"publish","type":"page","link":"https:\/\/porelartelibre.org\/?page_id=94","title":{"rendered":"No Es Arte"},"content":{"rendered":"\n<div class=\"section-wrapper\" data-id=\"9KzINj\"><section class=\"wp-block-gutenverse-section guten-element guten-section guten-9KzINj layout-boxed align-stretch\"><div class=\"guten-background-overlay\"><\/div><div class=\"guten-shape-divider guten-shape-divider-top\"><\/div><div class=\"guten-shape-divider guten-shape-divider-bottom\"><\/div><div class=\"guten-container guten-column-gap-default\">\n<div class=\"wp-block-gutenverse-column guten-element guten-column guten-eJHEgI\"><div class=\"guten-background-overlay\"><\/div><div class=\"sticky-wrapper\" data-id=\"eJHEgI\"><div class=\"guten-column-wrapper\">\n<div class=\"wp-block-gutenverse-image guten-element guten-image guten-FtyxMF\"><a class=\"guten-image-wrapper\"><img decoding=\"async\" class=\"gutenverse-image-box-filled\" src=\"https:\/\/porelartelibre.org\/wp-content\/uploads\/2024\/05\/portada_web_noesarte.png\" height=\"1080\" width=\"1920\"\/><\/a><\/div>\n\n\n\n<div class=\"section-wrapper\" data-id=\"Zhh1tL\"><section class=\"wp-block-gutenverse-section guten-element guten-section guten-Zhh1tL layout-boxed align-stretch\"><div class=\"guten-background-overlay\"><\/div><div class=\"guten-shape-divider guten-shape-divider-top\"><\/div><div class=\"guten-shape-divider guten-shape-divider-bottom\"><\/div><div class=\"guten-container guten-column-gap-default\">\n<div class=\"wp-block-gutenverse-column guten-element guten-column guten-i9Wf5S\"><div class=\"guten-background-overlay\"><\/div><div class=\"sticky-wrapper\" data-id=\"i9Wf5S\"><div class=\"guten-column-wrapper\">\n<div class=\"guten-element gutenverse-text-editor guten-Tpidml\"><div class=\"text-content-inner\">\n<h3 class=\"wp-block-heading has-text-align-center\">Bienvenido a \u00abNo Es Arte\u00bb<\/h3>\n\n\n\n<p>\u00abNo es arte\u00bb es una serie de creaciones digitales que buscan convertirse en una reflexi\u00f3n sobre la realidad vivenciada en contextos totalitarios, como es el caso de Cuba. Alejado de dogmas b\u00e1sicos en la creaci\u00f3n art\u00edstica, no prioriza una est\u00e9tica definida, al tiempo que esta misma pluralidad da paso a su mensaje impl\u00edcito.<\/p>\n\n\n\n<p>Realizadas en los primeros meses de 2021, publicados inicialmete en el perfil de Instagram \u00abPsicosis Estudio\u00bb, fueron motivadas desde lo vivido por la periodista y activista Karla Per\u00e9z cuando intent\u00f3 retornar a Cuba. Acto este, que el r\u00e9gimen cubano impidi\u00f3, sosteniendo absurdos argumentos que solo dejan claro el car\u00e1cter dictatorial de la llamada \u00abRevoluci\u00f3n Cubana\u00bb.<\/p>\n\n\n\n<p>Asimismo, la serie continu\u00f3 con otras catarsis del autor en forma de obra visual, tocando situaciones entorno a la represi\u00f3n, familiaridad acr\u00edtica y los distintos modos de violencia desde el totalitarsmo hacia los que piensan diferente.<\/p>\n\n\n\n<p>Nombre de la serie: No es arte.<\/p>\n\n\n\n<p>Obras: 7 obras realizadas en formato digital para su presentaci\u00f3n en pantallas. Creador: Pedro Ernesto Millet Rodr\u00edguez<\/p>\n\n\n\n<p>Proyecto en colaboraci\u00f3n con Psicosis Estudio<\/p>\n\n\n\n<p><\/p>\n\n\n\n<p><\/p>\n<\/div><\/div>\n<\/div><\/div><\/div>\n<\/div><\/section><\/div>\n<\/div><\/div><\/div>\n<\/div><\/section><\/div>\n\n\n\n<div class=\"section-wrapper\" data-id=\"Paa6XC\"><section class=\"wp-block-gutenverse-section guten-element guten-section guten-Paa6XC layout-boxed align-stretch\"><div class=\"guten-background-overlay\"><\/div><div class=\"guten-shape-divider guten-shape-divider-top\"><\/div><div class=\"guten-shape-divider guten-shape-divider-bottom\"><\/div><div class=\"guten-container guten-column-gap-default\">\n<div class=\"wp-block-gutenverse-column guten-element guten-column guten-VVkHTo\"><div class=\"guten-background-overlay\"><\/div><div class=\"sticky-wrapper\" data-id=\"VVkHTo\"><div class=\"guten-column-wrapper\">\n<div class=\"guten-element gutenverse-text-editor guten-RiDxg3\"><div class=\"text-content-inner\">\n<h5 class=\"wp-block-heading has-text-align-right\">C__A<\/h5>\n<\/div><\/div>\n<\/div><\/div><\/div>\n\n\n\n<div class=\"wp-block-gutenverse-column guten-element guten-column guten-9s0dLx\"><div class=\"guten-background-overlay\"><\/div><div class=\"sticky-wrapper\" data-id=\"9s0dLx\"><div class=\"guten-column-wrapper\">\n<div class=\"wp-block-gutenverse-image guten-element guten-image guten-pjDO3q\"><a class=\"guten-image-wrapper\"><img decoding=\"async\" class=\"gutenverse-image-box-filled\" src=\"https:\/\/porelartelibre.org\/wp-content\/uploads\/2024\/05\/C_A.png\" height=\"3300\" width=\"2550\"\/><\/a><\/div>\n<\/div><\/div><\/div>\n<\/div><\/section><\/div>\n\n\n\n<div class=\"section-wrapper\" data-id=\"bsBfOf\"><section class=\"wp-block-gutenverse-section guten-element guten-section guten-bsBfOf layout-boxed align-stretch\"><div class=\"guten-background-overlay\"><\/div><div class=\"guten-shape-divider guten-shape-divider-top\"><\/div><div class=\"guten-shape-divider guten-shape-divider-bottom\"><\/div><div class=\"guten-container guten-column-gap-default\">\n<div class=\"wp-block-gutenverse-column guten-element guten-column guten-KrXSdL\"><div class=\"guten-background-overlay\"><\/div><div class=\"sticky-wrapper\" data-id=\"KrXSdL\"><div class=\"guten-column-wrapper\">\n<div class=\"guten-element gutenverse-text-editor guten-Nsdet6\"><div class=\"text-content-inner\">\n<h5 class=\"wp-block-heading has-text-align-right\">Taxi<\/h5>\n<\/div><\/div>\n<\/div><\/div><\/div>\n\n\n\n<div class=\"wp-block-gutenverse-column guten-element guten-column guten-hzmGtL\"><div class=\"guten-background-overlay\"><\/div><div class=\"sticky-wrapper\" data-id=\"hzmGtL\"><div class=\"guten-column-wrapper\">\n<div class=\"wp-block-gutenverse-image guten-element guten-image guten-pBzNHA\"><a class=\"guten-image-wrapper\"><img decoding=\"async\" class=\"gutenverse-image-box-filled\" src=\"https:\/\/porelartelibre.org\/wp-content\/uploads\/2024\/05\/Taxi.png\" height=\"3300\" width=\"2550\"\/><\/a><\/div>\n<\/div><\/div><\/div>\n<\/div><\/section><\/div>\n\n\n\n<div class=\"section-wrapper\" data-id=\"2TQMVH\"><section class=\"wp-block-gutenverse-section guten-element guten-section guten-2TQMVH layout-boxed align-stretch\"><div class=\"guten-background-overlay\"><\/div><div class=\"guten-shape-divider guten-shape-divider-top\"><\/div><div class=\"guten-shape-divider guten-shape-divider-bottom\"><\/div><div class=\"guten-container guten-column-gap-default\">\n<div class=\"wp-block-gutenverse-column guten-element guten-column guten-VO1LmI\"><div class=\"guten-background-overlay\"><\/div><div class=\"sticky-wrapper\" data-id=\"VO1LmI\"><div class=\"guten-column-wrapper\">\n<div class=\"guten-element gutenverse-text-editor guten-bCAUd1\"><div class=\"text-content-inner\">\n<h5 class=\"wp-block-heading has-text-align-right\">Dic.<\/h5>\n<\/div><\/div>\n<\/div><\/div><\/div>\n\n\n\n<div class=\"wp-block-gutenverse-column guten-element guten-column guten-pmTnW4\"><div class=\"guten-background-overlay\"><\/div><div class=\"sticky-wrapper\" data-id=\"pmTnW4\"><div class=\"guten-column-wrapper\">\n<div class=\"wp-block-gutenverse-image guten-element guten-image guten-sGH7ZS\"><a class=\"guten-image-wrapper\"><img decoding=\"async\" class=\"gutenverse-image-box-filled\" src=\"https:\/\/porelartelibre.org\/wp-content\/uploads\/2024\/05\/Dic.png\" height=\"3300\" width=\"2550\"\/><\/a><\/div>\n<\/div><\/div><\/div>\n<\/div><\/section><\/div>\n\n\n\n<div class=\"section-wrapper\" data-id=\"LiAxRI\"><section class=\"wp-block-gutenverse-section guten-element guten-section guten-LiAxRI layout-boxed align-stretch\"><div class=\"guten-background-overlay\"><\/div><div class=\"guten-shape-divider guten-shape-divider-top\"><\/div><div class=\"guten-shape-divider guten-shape-divider-bottom\"><\/div><div class=\"guten-container guten-column-gap-default\">\n<div class=\"wp-block-gutenverse-column guten-element guten-column guten-nSWwM8\"><div class=\"guten-background-overlay\"><\/div><div class=\"sticky-wrapper\" data-id=\"nSWwM8\"><div class=\"guten-column-wrapper\">\n<div class=\"guten-element gutenverse-text-editor guten-IMRrAE\"><div class=\"text-content-inner\">\n<h5 class=\"wp-block-heading has-text-align-right\">Resignaci\u00f3n<\/h5>\n<\/div><\/div>\n<\/div><\/div><\/div>\n\n\n\n<div class=\"wp-block-gutenverse-column guten-element guten-column guten-xuIFBR\"><div class=\"guten-background-overlay\"><\/div><div class=\"sticky-wrapper\" data-id=\"xuIFBR\"><div class=\"guten-column-wrapper\">\n<div class=\"wp-block-gutenverse-image guten-element guten-image guten-aiX3Aj\"><a class=\"guten-image-wrapper\"><img decoding=\"async\" class=\"gutenverse-image-box-filled\" src=\"https:\/\/porelartelibre.org\/wp-content\/uploads\/2024\/05\/Resignacion.png\" height=\"3300\" width=\"2550\"\/><\/a><\/div>\n<\/div><\/div><\/div>\n<\/div><\/section><\/div>\n\n\n\n<div class=\"section-wrapper\" data-id=\"EnIbDn\"><section class=\"wp-block-gutenverse-section guten-element guten-section guten-EnIbDn layout-boxed align-stretch\"><div class=\"guten-background-overlay\"><\/div><div class=\"guten-shape-divider guten-shape-divider-top\"><\/div><div class=\"guten-shape-divider guten-shape-divider-bottom\"><\/div><div class=\"guten-container guten-column-gap-default\">\n<div class=\"wp-block-gutenverse-column guten-element guten-column guten-dCInJG\"><div class=\"guten-background-overlay\"><\/div><div class=\"sticky-wrapper\" data-id=\"dCInJG\"><div class=\"guten-column-wrapper\">\n<div class=\"guten-element gutenverse-text-editor guten-JK4sw2\"><div class=\"text-content-inner\">\n<h5 class=\"wp-block-heading has-text-align-right\">_ismo<\/h5>\n<\/div><\/div>\n<\/div><\/div><\/div>\n\n\n\n<div class=\"wp-block-gutenverse-column guten-element guten-column guten-3PHe7O\"><div class=\"guten-background-overlay\"><\/div><div class=\"sticky-wrapper\" data-id=\"3PHe7O\"><div class=\"guten-column-wrapper\">\n<div class=\"wp-block-gutenverse-image guten-element guten-image guten-DwevtC\"><a class=\"guten-image-wrapper\"><img decoding=\"async\" class=\"gutenverse-image-box-filled\" src=\"https:\/\/porelartelibre.org\/wp-content\/uploads\/2024\/05\/ismo.png\" height=\"3300\" width=\"2550\"\/><\/a><\/div>\n<\/div><\/div><\/div>\n<\/div><\/section><\/div>\n\n\n\n<div class=\"section-wrapper\" data-id=\"BBEkBc\"><section class=\"wp-block-gutenverse-section guten-element guten-section guten-BBEkBc layout-boxed align-stretch\"><div class=\"guten-background-overlay\"><\/div><div class=\"guten-shape-divider guten-shape-divider-top\"><\/div><div class=\"guten-shape-divider guten-shape-divider-bottom\"><\/div><div class=\"guten-container guten-column-gap-default\">\n<div class=\"wp-block-gutenverse-column guten-element guten-column guten-IwXB4X\"><div class=\"guten-background-overlay\"><\/div><div class=\"sticky-wrapper\" data-id=\"IwXB4X\"><div class=\"guten-column-wrapper\">\n<div class=\"guten-element gutenverse-text-editor guten-mMPsag\"><div class=\"text-content-inner\">\n<h5 class=\"wp-block-heading has-text-align-right\">Profilaxis<\/h5>\n\n\n\n<p class=\"has-text-align-right\">Cartel<\/p>\n<\/div><\/div>\n<\/div><\/div><\/div>\n\n\n\n<div class=\"wp-block-gutenverse-column guten-element guten-column guten-udHmtu\"><div class=\"guten-background-overlay\"><\/div><div class=\"sticky-wrapper\" data-id=\"udHmtu\"><div class=\"guten-column-wrapper\">\n<div class=\"wp-block-gutenverse-image guten-element guten-image guten-8ShPLZ\"><a class=\"guten-image-wrapper\"><img decoding=\"async\" class=\"gutenverse-image-box-filled\" src=\"https:\/\/porelartelibre.org\/wp-content\/uploads\/2024\/05\/Profilaxis-Cartel.png\" height=\"3300\" width=\"2550\"\/><\/a><\/div>\n<\/div><\/div><\/div>\n<\/div><\/section><\/div>\n\n\n\n<div class=\"section-wrapper\" data-id=\"1lvQlT\"><section class=\"wp-block-gutenverse-section guten-element guten-section guten-1lvQlT layout-boxed align-stretch\"><div class=\"guten-background-overlay\"><\/div><div class=\"guten-shape-divider guten-shape-divider-top\"><\/div><div class=\"guten-shape-divider guten-shape-divider-bottom\"><\/div><div class=\"guten-container guten-column-gap-default\">\n<div class=\"wp-block-gutenverse-column guten-element guten-column guten-bDPF1t\"><div class=\"guten-background-overlay\"><\/div><div class=\"sticky-wrapper\" data-id=\"bDPF1t\"><div class=\"guten-column-wrapper\">\n<div class=\"guten-element gutenverse-text-editor guten-cZ5JR2\"><div class=\"text-content-inner\">\n<h5 class=\"wp-block-heading has-text-align-right\">Profilaxis<\/h5>\n\n\n\n<p class=\"has-text-align-right\">Escena<\/p>\n<\/div><\/div>\n<\/div><\/div><\/div>\n\n\n\n<div class=\"wp-block-gutenverse-column guten-element guten-column guten-2G47GS\"><div class=\"guten-background-overlay\"><\/div><div class=\"sticky-wrapper\" data-id=\"2G47GS\"><div class=\"guten-column-wrapper\">\n<div class=\"wp-block-gutenverse-image guten-element guten-image guten-THKm5j\"><a class=\"guten-image-wrapper\"><img decoding=\"async\" class=\"gutenverse-image-box-filled\" src=\"https:\/\/porelartelibre.org\/wp-content\/uploads\/2024\/05\/Profilaxis-Escena.png\" height=\"3300\" width=\"2550\"\/><\/a><\/div>\n<\/div><\/div><\/div>\n<\/div><\/section><\/div>\n\n\n\n<div class=\"section-wrapper\" data-id=\"LvsEFK\"><section class=\"wp-block-gutenverse-section guten-element guten-section guten-LvsEFK layout-boxed align-stretch\"><div class=\"guten-background-overlay\"><\/div><div class=\"guten-shape-divider guten-shape-divider-top\"><\/div><div class=\"guten-shape-divider guten-shape-divider-bottom\"><\/div><div class=\"guten-container guten-column-gap-default\">\n<div class=\"wp-block-gutenverse-column guten-element guten-column guten-4QfIiu\"><div class=\"guten-background-overlay\"><\/div><div class=\"sticky-wrapper\" data-id=\"4QfIiu\"><div class=\"guten-column-wrapper\">\n<div class=\"guten-element gutenverse-text-editor guten-gNVeVc\"><div class=\"text-content-inner\">\n<h5 class=\"wp-block-heading has-text-align-right\">Ta\u00b4 bueno ya<\/h5>\n<\/div><\/div>\n<\/div><\/div><\/div>\n\n\n\n<div class=\"wp-block-gutenverse-column guten-element guten-column guten-3k2oG4\"><div class=\"guten-background-overlay\"><\/div><div class=\"sticky-wrapper\" data-id=\"3k2oG4\"><div class=\"guten-column-wrapper\">\n<div class=\"wp-block-gutenverse-image guten-element guten-image guten-dJWqxd\"><a class=\"guten-image-wrapper\"><img decoding=\"async\" class=\"gutenverse-image-box-filled\" src=\"https:\/\/porelartelibre.org\/wp-content\/uploads\/2024\/05\/Ta-bueno-ya.png\" height=\"3301\" width=\"2550\"\/><\/a><\/div>\n<\/div><\/div><\/div>\n<\/div><\/section><\/div>\n","protected":false},"excerpt":{"rendered":"","protected":false},"author":1,"featured_media":0,"parent":53,"menu_order":2,"comment_status":"closed","ping_status":"closed","template":"","meta":{"footnotes":""},"class_list":["post-94","page","type-page","status-publish","hentry"],"_links":{"self":[{"href":"https:\/\/porelartelibre.org\/index.php?rest_route=\/wp\/v2\/pages\/94","targetHints":{"allow":["GET"]}}],"collection":[{"href":"https:\/\/porelartelibre.org\/index.php?rest_route=\/wp\/v2\/pages"}],"about":[{"href":"https:\/\/porelartelibre.org\/index.php?rest_route=\/wp\/v2\/types\/page"}],"author":[{"embeddable":true,"href":"https:\/\/porelartelibre.org\/index.php?rest_route=\/wp\/v2\/users\/1"}],"replies":[{"embeddable":true,"href":"https:\/\/porelartelibre.org\/index.php?rest_route=%2Fwp%2Fv2%2Fcomments&post=94"}],"version-history":[{"count":9,"href":"https:\/\/porelartelibre.org\/index.php?rest_route=\/wp\/v2\/pages\/94\/revisions"}],"predecessor-version":[{"id":214,"href":"https:\/\/porelartelibre.org\/index.php?rest_route=\/wp\/v2\/pages\/94\/revisions\/214"}],"up":[{"embeddable":true,"href":"https:\/\/porelartelibre.org\/index.php?rest_route=\/wp\/v2\/pages\/53"}],"wp:attachment":[{"href":"https:\/\/porelartelibre.org\/index.php?rest_route=%2Fwp%2Fv2%2Fmedia&parent=94"}],"curies":[{"name":"wp","href":"https:\/\/api.w.org\/{rel}","templated":true}]}}